
    {"id":168,"date":"2022-10-11T11:25:05","date_gmt":"2022-10-11T08:25:05","guid":{"rendered":"http:\/\/localhost:8888\/bodrumestetik\/?page_id=168"},"modified":"2024-11-28T10:09:39","modified_gmt":"2024-11-28T07:09:39","slug":"iletisim","status":"publish","type":"page","link":"https:\/\/bodrumestetik.com\/tr_tr\/iletisim\/","title":{"rendered":"\u0130leti\u015fim"},"content":{"rendered":"<h3>Dr. \u0130smail DOK \u2013\u00a0<em>Medikal Estetik Hekimi<\/em><\/h3>\n<p>\nDr. \u0130smail, profesyonel, ba\u011f\u0131ms\u0131z bir re\u00e7ete yazan, klinik doktor ve estetik uygulay\u0131c\u0131d\u0131r. Ameliyats\u0131z tedavilerde m\u00fckemmellik ve cilt ya\u015flanmas\u0131nda pozitiflik sa\u011flayan; Dr. \u0130smail, kurucu orta\u011f\u0131m\u0131zd\u0131r.<\/p>\n<p>Hastan\u0131n bireysel uygunlu\u011funa ve ihtiya\u00e7lar\u0131na g\u00f6re \u015fekillendirilmi\u015f, ki\u015finin do\u011fal g\u00fczelli\u011fini y\u00fckselten do\u011fal g\u00f6r\u00fcn\u00fcml\u00fc sonu\u00e7lar sa\u011flayarak hastalar\u0131n\u0131n g\u00fczelli\u011fini ve g\u00fcvenini art\u0131rma tutkusuyla \u00e7al\u0131\u015f\u0131r.<\/p>\n<p>Dr. \u0130smail\u2019in estetik alan\u0131nda ger\u00e7ek bir tutkusu ve uzmanl\u0131\u011f\u0131 var ve bu t\u00fcm \u00e7al\u0131\u015fmalar\u0131na yans\u0131yor. Hepsi ameliyats\u0131z ger\u00e7ekle\u015ftirilen harika sonu\u00e7lardan olu\u015fan geni\u015f bir portf\u00f6y\u00fc var. Herhangi bir tedaviye ba\u015flamadan \u00f6nce, prosed\u00fcr\u00fcn t\u00fcm ad\u0131mlar\u0131n\u0131 anlaman\u0131z\u0131 sa\u011flamak i\u00e7in her zaman d\u00fcr\u00fcst bir de\u011ferlendirme yapacakt\u0131r.<\/p>\n<p>Dr. \u0130smail, dermal dolgu maddeleri, k\u0131r\u0131\u015f\u0131kl\u0131k \u00f6nleyici enjeksiyonlar, mezoterapi ve \u00e7ok daha fazlas\u0131nda uzmanla\u015fm\u0131\u015ft\u0131r. Her tedaviden sonra Dr. \u0130smail, sonu\u00e7lar\u0131ndan ger\u00e7ekten mutlu olmalar\u0131n\u0131 sa\u011flamak i\u00e7in t\u00fcm hastalar\u0131yla uzun s\u00fcreli bir ili\u015fki kurmaya \u00e7al\u0131\u015f\u0131r.<\/p>\n<p>Konforlu ve modern bir ortamda uzman bak\u0131m\u0131 ile y\u00f6nlendirileceksiniz.<\/p>\n","protected":false},"excerpt":{"rendered":"<p>Dr. \u0130smail DOK \u2013\u00a0Medikal Estetik Hekimi Dr. \u0130smail, profesyonel, ba\u011f\u0131ms\u0131z bir re\u00e7ete yazan, klinik doktor ve estetik uygulay\u0131c\u0131d\u0131r. Ameliyats\u0131z tedavilerde m\u00fckemmellik ve cilt ya\u015flanmas\u0131nda pozitiflik sa\u011flayan; Dr. \u0130smail, kurucu orta\u011f\u0131m\u0131zd\u0131r. Hastan\u0131n bireysel uygunlu\u011funa ve ihtiya\u00e7lar\u0131na g\u00f6re \u015fekillendirilmi\u015f, ki\u015finin do\u011fal g\u00fczelli\u011fini y\u00fckselten do\u011fal g\u00f6r\u00fcn\u00fcml\u00fc sonu\u00e7lar sa\u011flayarak hastalar\u0131n\u0131n g\u00fczelli\u011fini ve g\u00fcvenini art\u0131rma tutkusuyla \u00e7al\u0131\u015f\u0131r. Dr. \u0130smail\u2019in estetik [&hellip;]<\/p>\n","protected":false},"author":1,"featured_media":365,"parent":0,"menu_order":0,"comment_status":"closed","ping_status":"closed","template":"","meta":{"footnotes":""},"class_list":["post-168","page","type-page","status-publish","has-post-thumbnail","hentry"],"acf":{"photo_gallery":{"sayfa_fotograflari":[[]]}},"yoast_head":"<!-- This site is optimized with the Yoast SEO plugin v20.0 - https:\/\/yoast.com\/wordpress\/plugins\/seo\/ -->\n<title>\u0130leti\u015fim - Bodrum Estetik<\/title>\n<meta name=\"robots\" content=\"index, follow, max-snippet:-1, max-image-preview:large, max-video-preview:-1\" \/>\n<link rel=\"canonical\" href=\"https:\/\/bodrumestetik.com\/tr_tr\/iletisim\/\" \/>\n<meta property=\"og:locale\" content=\"tr_TR\" \/>\n<meta property=\"og:type\" content=\"article\" \/>\n<meta property=\"og:title\" content=\"\u0130leti\u015fim - Bodrum Estetik\" \/>\n<meta property=\"og:description\" content=\"Dr. \u0130smail DOK \u2013\u00a0Medikal Estetik Hekimi Dr. \u0130smail, profesyonel, ba\u011f\u0131ms\u0131z bir re\u00e7ete yazan, klinik doktor ve estetik uygulay\u0131c\u0131d\u0131r. Ameliyats\u0131z tedavilerde m\u00fckemmellik ve cilt ya\u015flanmas\u0131nda pozitiflik sa\u011flayan; Dr. \u0130smail, kurucu orta\u011f\u0131m\u0131zd\u0131r. Hastan\u0131n bireysel uygunlu\u011funa ve ihtiya\u00e7lar\u0131na g\u00f6re \u015fekillendirilmi\u015f, ki\u015finin do\u011fal g\u00fczelli\u011fini y\u00fckselten do\u011fal g\u00f6r\u00fcn\u00fcml\u00fc sonu\u00e7lar sa\u011flayarak hastalar\u0131n\u0131n g\u00fczelli\u011fini ve g\u00fcvenini art\u0131rma tutkusuyla \u00e7al\u0131\u015f\u0131r. Dr. \u0130smail\u2019in estetik [&hellip;]\" \/>\n<meta property=\"og:url\" content=\"https:\/\/bodrumestetik.com\/tr_tr\/iletisim\/\" \/>\n<meta property=\"og:site_name\" content=\"Bodrum Estetik\" \/>\n<meta property=\"article:modified_time\" content=\"2024-11-28T07:09:39+00:00\" \/>\n<meta property=\"og:image\" content=\"http:\/\/bodrumestetik.com\/wp-content\/uploads\/2022\/11\/beautician-working-client-s-eyebrows_23-2149183837.webp\" \/>\n\t<meta property=\"og:image:width\" content=\"1800\" \/>\n\t<meta property=\"og:image:height\" content=\"1197\" \/>\n\t<meta property=\"og:image:type\" content=\"image\/webp\" \/>\n<meta name=\"twitter:card\" content=\"summary_large_image\" \/>\n<meta name=\"twitter:label1\" content=\"Tahmini okuma s\u00fcresi\" \/>\n\t<meta name=\"twitter:data1\" content=\"1 dakika\" \/>\n<script type=\"application\/ld+json\" class=\"yoast-schema-graph\">{\"@context\":\"https:\/\/schema.org\",\"@graph\":[{\"@type\":\"WebPage\",\"@id\":\"https:\/\/bodrumestetik.com\/iletisim\/\",\"url\":\"https:\/\/bodrumestetik.com\/iletisim\/\",\"name\":\"\u0130leti\u015fim - Bodrum Estetik\",\"isPartOf\":{\"@id\":\"https:\/\/bodrumestetik.com\/#website\"},\"datePublished\":\"2022-10-11T08:25:05+00:00\",\"dateModified\":\"2024-11-28T07:09:39+00:00\",\"breadcrumb\":{\"@id\":\"https:\/\/bodrumestetik.com\/iletisim\/#breadcrumb\"},\"inLanguage\":\"tr\",\"potentialAction\":[{\"@type\":\"ReadAction\",\"target\":[\"https:\/\/bodrumestetik.com\/iletisim\/\"]}]},{\"@type\":\"BreadcrumbList\",\"@id\":\"https:\/\/bodrumestetik.com\/iletisim\/#breadcrumb\",\"itemListElement\":[{\"@type\":\"ListItem\",\"position\":1,\"name\":\"Anasayfa\",\"item\":\"https:\/\/bodrumestetik.com\/\"},{\"@type\":\"ListItem\",\"position\":2,\"name\":\"\u0130leti\u015fim\"}]},{\"@type\":\"WebSite\",\"@id\":\"https:\/\/bodrumestetik.com\/#website\",\"url\":\"https:\/\/bodrumestetik.com\/\",\"name\":\"Bodrum Estetik\",\"description\":\"Harika G\u00f6r\u00fcn\u00fcn, Harika Hissedin\",\"publisher\":{\"@id\":\"https:\/\/bodrumestetik.com\/#organization\"},\"potentialAction\":[{\"@type\":\"SearchAction\",\"target\":{\"@type\":\"EntryPoint\",\"urlTemplate\":\"https:\/\/bodrumestetik.com\/?s={search_term_string}\"},\"query-input\":\"required name=search_term_string\"}],\"inLanguage\":\"tr\"},{\"@type\":\"Organization\",\"@id\":\"https:\/\/bodrumestetik.com\/#organization\",\"name\":\"Bodrum Estetik\",\"url\":\"https:\/\/bodrumestetik.com\/\",\"logo\":{\"@type\":\"ImageObject\",\"inLanguage\":\"tr\",\"@id\":\"https:\/\/bodrumestetik.com\/#\/schema\/logo\/image\/\",\"url\":\"https:\/\/bodrumestetik.com\/wp-content\/uploads\/2022\/11\/cropped-logo-gul.png\",\"contentUrl\":\"https:\/\/bodrumestetik.com\/wp-content\/uploads\/2022\/11\/cropped-logo-gul.png\",\"width\":1420,\"height\":482,\"caption\":\"Bodrum Estetik\"},\"image\":{\"@id\":\"https:\/\/bodrumestetik.com\/#\/schema\/logo\/image\/\"}}]}<\/script>\n<!-- \/ Yoast SEO plugin. -->","yoast_head_json":{"title":"\u0130leti\u015fim - Bodrum Estetik","robots":{"index":"index","follow":"follow","max-snippet":"max-snippet:-1","max-image-preview":"max-image-preview:large","max-video-preview":"max-video-preview:-1"},"canonical":"https:\/\/bodrumestetik.com\/tr_tr\/iletisim\/","og_locale":"tr_TR","og_type":"article","og_title":"\u0130leti\u015fim - Bodrum Estetik","og_description":"Dr. \u0130smail DOK \u2013\u00a0Medikal Estetik Hekimi Dr. \u0130smail, profesyonel, ba\u011f\u0131ms\u0131z bir re\u00e7ete yazan, klinik doktor ve estetik uygulay\u0131c\u0131d\u0131r. Ameliyats\u0131z tedavilerde m\u00fckemmellik ve cilt ya\u015flanmas\u0131nda pozitiflik sa\u011flayan; Dr. \u0130smail, kurucu orta\u011f\u0131m\u0131zd\u0131r. Hastan\u0131n bireysel uygunlu\u011funa ve ihtiya\u00e7lar\u0131na g\u00f6re \u015fekillendirilmi\u015f, ki\u015finin do\u011fal g\u00fczelli\u011fini y\u00fckselten do\u011fal g\u00f6r\u00fcn\u00fcml\u00fc sonu\u00e7lar sa\u011flayarak hastalar\u0131n\u0131n g\u00fczelli\u011fini ve g\u00fcvenini art\u0131rma tutkusuyla \u00e7al\u0131\u015f\u0131r. Dr. \u0130smail\u2019in estetik [&hellip;]","og_url":"https:\/\/bodrumestetik.com\/tr_tr\/iletisim\/","og_site_name":"Bodrum Estetik","article_modified_time":"2024-11-28T07:09:39+00:00","og_image":[{"width":1800,"height":1197,"url":"http:\/\/bodrumestetik.com\/wp-content\/uploads\/2022\/11\/beautician-working-client-s-eyebrows_23-2149183837.webp","type":"image\/webp"}],"twitter_card":"summary_large_image","twitter_misc":{"Tahmini okuma s\u00fcresi":"1 dakika"},"schema":{"@context":"https:\/\/schema.org","@graph":[{"@type":"WebPage","@id":"https:\/\/bodrumestetik.com\/iletisim\/","url":"https:\/\/bodrumestetik.com\/iletisim\/","name":"\u0130leti\u015fim - Bodrum Estetik","isPartOf":{"@id":"https:\/\/bodrumestetik.com\/#website"},"datePublished":"2022-10-11T08:25:05+00:00","dateModified":"2024-11-28T07:09:39+00:00","breadcrumb":{"@id":"https:\/\/bodrumestetik.com\/iletisim\/#breadcrumb"},"inLanguage":"tr","potentialAction":[{"@type":"ReadAction","target":["https:\/\/bodrumestetik.com\/iletisim\/"]}]},{"@type":"BreadcrumbList","@id":"https:\/\/bodrumestetik.com\/iletisim\/#breadcrumb","itemListElement":[{"@type":"ListItem","position":1,"name":"Anasayfa","item":"https:\/\/bodrumestetik.com\/"},{"@type":"ListItem","position":2,"name":"\u0130leti\u015fim"}]},{"@type":"WebSite","@id":"https:\/\/bodrumestetik.com\/#website","url":"https:\/\/bodrumestetik.com\/","name":"Bodrum Estetik","description":"Harika G\u00f6r\u00fcn\u00fcn, Harika Hissedin","publisher":{"@id":"https:\/\/bodrumestetik.com\/#organization"},"potentialAction":[{"@type":"SearchAction","target":{"@type":"EntryPoint","urlTemplate":"https:\/\/bodrumestetik.com\/?s={search_term_string}"},"query-input":"required name=search_term_string"}],"inLanguage":"tr"},{"@type":"Organization","@id":"https:\/\/bodrumestetik.com\/#organization","name":"Bodrum Estetik","url":"https:\/\/bodrumestetik.com\/","logo":{"@type":"ImageObject","inLanguage":"tr","@id":"https:\/\/bodrumestetik.com\/#\/schema\/logo\/image\/","url":"https:\/\/bodrumestetik.com\/wp-content\/uploads\/2022\/11\/cropped-logo-gul.png","contentUrl":"https:\/\/bodrumestetik.com\/wp-content\/uploads\/2022\/11\/cropped-logo-gul.png","width":1420,"height":482,"caption":"Bodrum Estetik"},"image":{"@id":"https:\/\/bodrumestetik.com\/#\/schema\/logo\/image\/"}}]}},"_links":{"self":[{"href":"https:\/\/bodrumestetik.com\/tr_tr\/wp-json\/wp\/v2\/pages\/168","targetHints":{"allow":["GET"]}}],"collection":[{"href":"https:\/\/bodrumestetik.com\/tr_tr\/wp-json\/wp\/v2\/pages"}],"about":[{"href":"https:\/\/bodrumestetik.com\/tr_tr\/wp-json\/wp\/v2\/types\/page"}],"author":[{"embeddable":true,"href":"https:\/\/bodrumestetik.com\/tr_tr\/wp-json\/wp\/v2\/users\/1"}],"replies":[{"embeddable":true,"href":"https:\/\/bodrumestetik.com\/tr_tr\/wp-json\/wp\/v2\/comments?post=168"}],"version-history":[{"count":22,"href":"https:\/\/bodrumestetik.com\/tr_tr\/wp-json\/wp\/v2\/pages\/168\/revisions"}],"predecessor-version":[{"id":893,"href":"https:\/\/bodrumestetik.com\/tr_tr\/wp-json\/wp\/v2\/pages\/168\/revisions\/893"}],"wp:featuredmedia":[{"embeddable":true,"href":"https:\/\/bodrumestetik.com\/tr_tr\/wp-json\/wp\/v2\/media\/365"}],"wp:attachment":[{"href":"https:\/\/bodrumestetik.com\/tr_tr\/wp-json\/wp\/v2\/media?parent=168"}],"curies":[{"name":"wp","href":"https:\/\/api.w.org\/{rel}","templated":true}]}}