
    {"id":24,"date":"2022-10-05T20:40:57","date_gmt":"2022-10-05T17:40:57","guid":{"rendered":"http:\/\/localhost:8888\/bodrumestetik\/?page_id=24"},"modified":"2023-03-23T09:31:28","modified_gmt":"2023-03-23T06:31:28","slug":"anasayfa","status":"publish","type":"page","link":"https:\/\/bodrumestetik.com\/ru\/","title":{"rendered":"Anasayfa &#8211; Hakk\u0131m\u0131zda"},"content":{"rendered":"<div class=\"cizgili-yazi\">\n<h3>\u043e \u043d\u0430\u0441<\/h3>\n<\/div>\n<h2 class=\"baslik\">\u041c\u044b \u043f\u0440\u0435\u0434\u043b\u0430\u0433\u0430\u0435\u043c \u043f\u0440\u043e\u0446\u0435\u0434\u0443\u0440\u044b, \u0430\u0434\u0430\u043f\u0442\u0438\u0440\u043e\u0432\u0430\u043d\u043d\u044b\u0435 \u043a \u0432\u0430\u0448\u0438\u043c \u0438\u043d\u0434\u0438\u0432\u0438\u0434\u0443\u0430\u043b\u044c\u043d\u044b\u043c \u043f\u043e\u0442\u0440\u0435\u0431\u043d\u043e\u0441\u0442\u044f\u043c<\/h2>\n<div class=\"icerik\">\n<p class=\"p1\">Bodrum Estetik \u2014 \u044d\u0442\u043e \u0446\u0435\u043d\u0442\u0440, \u0432 \u043a\u043e\u0442\u043e\u0440\u043e\u043c \u0440\u0430\u0431\u043e\u0442\u0430\u044e\u0442 \u0432\u0440\u0430\u0447\u0438-\u043a\u043b\u0438\u043d\u0438\u0446\u0438\u0441\u0442\u044b \u0438 \u0432\u0440\u0430\u0447\u0438-\u044d\u0441\u0442\u0435\u0442\u0438\u043a\u0438, \u0446\u0435\u043b\u044c\u044e \u043a\u043e\u0442\u043e\u0440\u044b\u0445 \u044f\u0432\u043b\u044f\u0435\u0442\u0441\u044f \u0437\u0430\u0449\u0438\u0442\u0430 \u0438 \u0443\u043b\u0443\u0447\u0448\u0435\u043d\u0438\u0435 \u0432\u0430\u0448\u0435\u0433\u043e \u0437\u0434\u043e\u0440\u043e\u0432\u044c\u044f \u0438 \u043a\u0440\u0430\u0441\u043e\u0442\u044b. \u041d\u0430\u0448\u0430 \u043a\u043b\u0438\u043d\u0438\u043a\u0430, \u043a\u043e\u0442\u043e\u0440\u0430\u044f \u043e\u0431\u0435\u0441\u043f\u0435\u0447\u0438\u0432\u0430\u0435\u0442 \u043f\u0440\u0435\u0432\u043e\u0441\u0445\u043e\u0434\u0441\u0442\u0432\u043e \u0432 \u043d\u0435\u0445\u0438\u0440\u0443\u0440\u0433\u0438\u0447\u0435\u0441\u043a\u043e\u043c \u043b\u0435\u0447\u0435\u043d\u0438\u0438 \u0438 \u0437\u0430\u043c\u0435\u0434\u043b\u0435\u043d\u0438\u0438 \u0441\u0442\u0430\u0440\u0435\u043d\u0438\u044f \u043a\u043e\u0436\u0438; \u041e\u043d \u0440\u0430\u0431\u043e\u0442\u0430\u0435\u0442 \u0441\u043e \u0441\u0442\u0440\u0430\u0441\u0442\u044c\u044e \u043a \u0443\u0432\u0435\u043b\u0438\u0447\u0435\u043d\u0438\u044e \u043a\u0440\u0430\u0441\u043e\u0442\u044b \u0438 \u0443\u0432\u0435\u0440\u0435\u043d\u043d\u043e\u0441\u0442\u0438 \u0441\u0432\u043e\u0438\u0445 \u043f\u0430\u0446\u0438\u0435\u043d\u0442\u043e\u0432, \u043e\u0431\u0435\u0441\u043f\u0435\u0447\u0438\u0432\u0430\u044f \u0435\u0441\u0442\u0435\u0441\u0442\u0432\u0435\u043d\u043d\u044b\u0435 \u0440\u0435\u0437\u0443\u043b\u044c\u0442\u0430\u0442\u044b, \u043a\u043e\u0442\u043e\u0440\u044b\u0435 \u0444\u043e\u0440\u043c\u0438\u0440\u0443\u044e\u0442\u0441\u044f \u0432 \u0441\u043e\u043e\u0442\u0432\u0435\u0442\u0441\u0442\u0432\u0438\u0438 \u0441 \u0438\u043d\u0434\u0438\u0432\u0438\u0434\u0443\u0430\u043b\u044c\u043d\u044b\u043c\u0438 \u043f\u043e\u0442\u0440\u0435\u0431\u043d\u043e\u0441\u0442\u044f\u043c\u0438 \u0438 \u043f\u043e\u0442\u0440\u0435\u0431\u043d\u043e\u0441\u0442\u044f\u043c\u0438 \u043f\u0430\u0446\u0438\u0435\u043d\u0442\u0430, \u043f\u043e\u0434\u0447\u0435\u0440\u043a\u0438\u0432\u0430\u044f \u0435\u0441\u0442\u0435\u0441\u0442\u0432\u0435\u043d\u043d\u0443\u044e \u043a\u0440\u0430\u0441\u043e\u0442\u0443 \u0447\u0435\u043b\u043e\u0432\u0435\u043a\u0430.<br \/>\n\u041f\u0435\u0440\u0435\u0434 \u043d\u0430\u0447\u0430\u043b\u043e\u043c \u043b\u044e\u0431\u043e\u0433\u043e \u043b\u0435\u0447\u0435\u043d\u0438\u044f \u0441 \u0432\u0430\u043c\u0438 \u0432\u0441\u0435\u0433\u0434\u0430 \u043f\u0440\u043e\u0432\u043e\u0434\u0438\u0442\u0441\u044f \u043e\u0446\u0435\u043d\u043a\u0430, \u0432\u043a\u043b\u044e\u0447\u0430\u044f \u0432\u0430\u0448\u0435 \u043c\u043d\u0435\u043d\u0438\u0435, \u0447\u0442\u043e\u0431\u044b \u0443\u0431\u0435\u0434\u0438\u0442\u044c\u0441\u044f, \u0447\u0442\u043e \u0432\u044b \u043f\u043e\u043d\u0438\u043c\u0430\u0435\u0442\u0435 \u0432\u0441\u0435 \u044d\u0442\u0430\u043f\u044b \u043f\u0440\u043e\u0446\u0435\u0434\u0443\u0440\u044b. \u041f\u043e\u0441\u043b\u0435 \u043a\u0430\u0436\u0434\u043e\u0433\u043e \u043b\u0435\u0447\u0435\u043d\u0438\u044f \u043f\u0440\u0435\u0434\u043f\u0440\u0438\u043d\u0438\u043c\u0430\u0435\u0442\u0441\u044f \u043f\u043e\u043f\u044b\u0442\u043a\u0430 \u0443\u0441\u0442\u0430\u043d\u043e\u0432\u0438\u0442\u044c \u0434\u043e\u043b\u0433\u043e\u0441\u0440\u043e\u0447\u043d\u044b\u0435 \u043e\u0442\u043d\u043e\u0448\u0435\u043d\u0438\u044f \u0441\u043e \u0432\u0441\u0435\u043c\u0438 \u0441\u0432\u043e\u0438\u043c\u0438 \u043f\u0430\u0446\u0438\u0435\u043d\u0442\u0430\u043c\u0438, \u0447\u0442\u043e\u0431\u044b \u0443\u0431\u0435\u0434\u0438\u0442\u044c\u0441\u044f, \u0447\u0442\u043e \u043e\u043d\u0438 \u0434\u0435\u0439\u0441\u0442\u0432\u0438\u0442\u0435\u043b\u044c\u043d\u043e \u0434\u043e\u0432\u043e\u043b\u044c\u043d\u044b \u0441\u0432\u043e\u0438\u043c\u0438 \u0440\u0435\u0437\u0443\u043b\u044c\u0442\u0430\u0442\u0430\u043c\u0438.<br \/>\n\u041c\u044b \u0441\u0442\u0440\u0435\u043c\u0438\u043c\u0441\u044f \u0441\u0434\u0435\u043b\u0430\u0442\u044c \u0442\u0430\u043a, \u0447\u0442\u043e\u0431\u044b \u0432\u044b \u0447\u0443\u0432\u0441\u0442\u0432\u043e\u0432\u0430\u043b\u0438 \u0441\u0435\u0431\u044f \u0441\u0447\u0430\u0441\u0442\u043b\u0438\u0432\u044b\u043c\u0438 \u0431\u043b\u0430\u0433\u043e\u0434\u0430\u0440\u044f \u043f\u0440\u043e\u0444\u0435\u0441\u0441\u0438\u043e\u043d\u0430\u043b\u044c\u043d\u043e\u043c\u0443 \u0443\u0445\u043e\u0434\u0443 \u0432 \u043a\u043e\u043c\u0444\u043e\u0440\u0442\u043d\u043e\u0439 \u0438 \u0442\u0435\u043f\u043b\u043e\u0439 \u043e\u0431\u0441\u0442\u0430\u043d\u043e\u0432\u043a\u0435.<\/p>\n<\/div>","protected":false},"excerpt":{"rendered":"<p>Hakk\u0131m\u0131zda Bireysel ihtiya\u00e7lar\u0131n\u0131za g\u00f6re uyarlanm\u0131\u015f tedaviler sunuyoruz Bodrum Estetik, b\u00fcnyesinde uzman klinik doktorlar, medikal estetik hekimleri bulunduran, sa\u011fl\u0131\u011f\u0131n\u0131z\u0131 ve g\u00fczelli\u011finizi korumay\u0131 ve iyile\u015ftirmeyi ama\u00e7layan bir merkezdir. Ameliyats\u0131z tedavilerde m\u00fckemmellik ve cilt ya\u015flanmas\u0131n\u0131 geciktirmeyi sa\u011flayan klini\u011fimiz; Hastan\u0131n bireysel uygunlu\u011funa ve ihtiya\u00e7lar\u0131na g\u00f6re \u015fekillendirilmi\u015f, ki\u015finin do\u011fal g\u00fczelli\u011fini y\u00fckselten, do\u011fal g\u00f6r\u00fcn\u00fcml\u00fc sonu\u00e7lar sa\u011flayarak hastalar\u0131n\u0131n g\u00fczelli\u011fini ve g\u00fcvenini art\u0131rma [&hellip;]<\/p>","protected":false},"author":1,"featured_media":797,"parent":0,"menu_order":0,"comment_status":"closed","ping_status":"closed","template":"","meta":{"footnotes":""},"class_list":["post-24","page","type-page","status-publish","has-post-thumbnail","hentry"],"acf":{"photo_gallery":{"sayfa_fotograflari":[[]]}},"yoast_head":"<!-- This site is optimized with the Yoast SEO plugin v20.0 - https:\/\/yoast.com\/wordpress\/plugins\/seo\/ -->\n<title>Anasayfa - Hakk\u0131m\u0131zda - Bodrum Estetik<\/title>\n<meta name=\"robots\" content=\"index, follow, max-snippet:-1, max-image-preview:large, max-video-preview:-1\" \/>\n<link rel=\"canonical\" href=\"https:\/\/bodrumestetik.com\/ru\/\" \/>\n<meta property=\"og:locale\" content=\"ru_RU\" \/>\n<meta property=\"og:type\" content=\"article\" \/>\n<meta property=\"og:title\" content=\"Anasayfa - Hakk\u0131m\u0131zda - Bodrum Estetik\" \/>\n<meta property=\"og:description\" content=\"Hakk\u0131m\u0131zda Bireysel ihtiya\u00e7lar\u0131n\u0131za g\u00f6re uyarlanm\u0131\u015f tedaviler sunuyoruz Bodrum Estetik, b\u00fcnyesinde uzman klinik doktorlar, medikal estetik hekimleri bulunduran, sa\u011fl\u0131\u011f\u0131n\u0131z\u0131 ve g\u00fczelli\u011finizi korumay\u0131 ve iyile\u015ftirmeyi ama\u00e7layan bir merkezdir. Ameliyats\u0131z tedavilerde m\u00fckemmellik ve cilt ya\u015flanmas\u0131n\u0131 geciktirmeyi sa\u011flayan klini\u011fimiz; Hastan\u0131n bireysel uygunlu\u011funa ve ihtiya\u00e7lar\u0131na g\u00f6re \u015fekillendirilmi\u015f, ki\u015finin do\u011fal g\u00fczelli\u011fini y\u00fckselten, do\u011fal g\u00f6r\u00fcn\u00fcml\u00fc sonu\u00e7lar sa\u011flayarak hastalar\u0131n\u0131n g\u00fczelli\u011fini ve g\u00fcvenini art\u0131rma [&hellip;]\" \/>\n<meta property=\"og:url\" content=\"https:\/\/bodrumestetik.com\/ru\/\" \/>\n<meta property=\"og:site_name\" content=\"Bodrum Estetik\" \/>\n<meta property=\"article:modified_time\" content=\"2023-03-23T06:31:28+00:00\" \/>\n<meta property=\"og:image\" content=\"http:\/\/bodrumestetik.com\/wp-content\/uploads\/2022\/11\/dermal-fillers-for-the-jawline.jpg\" \/>\n\t<meta property=\"og:image:width\" content=\"1000\" \/>\n\t<meta property=\"og:image:height\" content=\"667\" \/>\n\t<meta property=\"og:image:type\" content=\"image\/jpeg\" \/>\n<meta name=\"twitter:card\" content=\"summary_large_image\" \/>\n<meta name=\"twitter:label1\" content=\"\u041f\u0440\u0438\u043c\u0435\u0440\u043d\u043e\u0435 \u0432\u0440\u0435\u043c\u044f \u0434\u043b\u044f \u0447\u0442\u0435\u043d\u0438\u044f\" \/>\n\t<meta name=\"twitter:data1\" content=\"1 \u043c\u0438\u043d\u0443\u0442\u0430\" \/>\n<script type=\"application\/ld+json\" class=\"yoast-schema-graph\">{\"@context\":\"https:\/\/schema.org\",\"@graph\":[{\"@type\":\"WebPage\",\"@id\":\"https:\/\/bodrumestetik.com\/\",\"url\":\"https:\/\/bodrumestetik.com\/\",\"name\":\"Anasayfa - Hakk\u0131m\u0131zda - Bodrum Estetik\",\"isPartOf\":{\"@id\":\"https:\/\/bodrumestetik.com\/#website\"},\"datePublished\":\"2022-10-05T17:40:57+00:00\",\"dateModified\":\"2023-03-23T06:31:28+00:00\",\"breadcrumb\":{\"@id\":\"https:\/\/bodrumestetik.com\/#breadcrumb\"},\"inLanguage\":\"ru-RU\",\"potentialAction\":[{\"@type\":\"ReadAction\",\"target\":[\"https:\/\/bodrumestetik.com\/\"]}]},{\"@type\":\"BreadcrumbList\",\"@id\":\"https:\/\/bodrumestetik.com\/#breadcrumb\",\"itemListElement\":[{\"@type\":\"ListItem\",\"position\":1,\"name\":\"Anasayfa\",\"item\":\"https:\/\/bodrumestetik.com\/\"},{\"@type\":\"ListItem\",\"position\":2,\"name\":\"Anasayfa &#8211; Hakk\u0131m\u0131zda\"}]},{\"@type\":\"WebSite\",\"@id\":\"https:\/\/bodrumestetik.com\/#website\",\"url\":\"https:\/\/bodrumestetik.com\/\",\"name\":\"Bodrum Estetik\",\"description\":\"Harika G\u00f6r\u00fcn\u00fcn, Harika Hissedin\",\"publisher\":{\"@id\":\"https:\/\/bodrumestetik.com\/#organization\"},\"potentialAction\":[{\"@type\":\"SearchAction\",\"target\":{\"@type\":\"EntryPoint\",\"urlTemplate\":\"https:\/\/bodrumestetik.com\/?s={search_term_string}\"},\"query-input\":\"required name=search_term_string\"}],\"inLanguage\":\"ru-RU\"},{\"@type\":\"Organization\",\"@id\":\"https:\/\/bodrumestetik.com\/#organization\",\"name\":\"Bodrum Estetik\",\"url\":\"https:\/\/bodrumestetik.com\/\",\"logo\":{\"@type\":\"ImageObject\",\"inLanguage\":\"ru-RU\",\"@id\":\"https:\/\/bodrumestetik.com\/#\/schema\/logo\/image\/\",\"url\":\"https:\/\/bodrumestetik.com\/wp-content\/uploads\/2022\/11\/cropped-logo-gul.png\",\"contentUrl\":\"https:\/\/bodrumestetik.com\/wp-content\/uploads\/2022\/11\/cropped-logo-gul.png\",\"width\":1420,\"height\":482,\"caption\":\"Bodrum Estetik\"},\"image\":{\"@id\":\"https:\/\/bodrumestetik.com\/#\/schema\/logo\/image\/\"}}]}<\/script>\n<!-- \/ Yoast SEO plugin. -->","yoast_head_json":{"title":"Anasayfa - Hakk\u0131m\u0131zda - Bodrum Estetik","robots":{"index":"index","follow":"follow","max-snippet":"max-snippet:-1","max-image-preview":"max-image-preview:large","max-video-preview":"max-video-preview:-1"},"canonical":"https:\/\/bodrumestetik.com\/ru\/","og_locale":"ru_RU","og_type":"article","og_title":"Anasayfa - Hakk\u0131m\u0131zda - Bodrum Estetik","og_description":"Hakk\u0131m\u0131zda Bireysel ihtiya\u00e7lar\u0131n\u0131za g\u00f6re uyarlanm\u0131\u015f tedaviler sunuyoruz Bodrum Estetik, b\u00fcnyesinde uzman klinik doktorlar, medikal estetik hekimleri bulunduran, sa\u011fl\u0131\u011f\u0131n\u0131z\u0131 ve g\u00fczelli\u011finizi korumay\u0131 ve iyile\u015ftirmeyi ama\u00e7layan bir merkezdir. Ameliyats\u0131z tedavilerde m\u00fckemmellik ve cilt ya\u015flanmas\u0131n\u0131 geciktirmeyi sa\u011flayan klini\u011fimiz; Hastan\u0131n bireysel uygunlu\u011funa ve ihtiya\u00e7lar\u0131na g\u00f6re \u015fekillendirilmi\u015f, ki\u015finin do\u011fal g\u00fczelli\u011fini y\u00fckselten, do\u011fal g\u00f6r\u00fcn\u00fcml\u00fc sonu\u00e7lar sa\u011flayarak hastalar\u0131n\u0131n g\u00fczelli\u011fini ve g\u00fcvenini art\u0131rma [&hellip;]","og_url":"https:\/\/bodrumestetik.com\/ru\/","og_site_name":"Bodrum Estetik","article_modified_time":"2023-03-23T06:31:28+00:00","og_image":[{"width":1000,"height":667,"url":"http:\/\/bodrumestetik.com\/wp-content\/uploads\/2022\/11\/dermal-fillers-for-the-jawline.jpg","type":"image\/jpeg"}],"twitter_card":"summary_large_image","twitter_misc":{"\u041f\u0440\u0438\u043c\u0435\u0440\u043d\u043e\u0435 \u0432\u0440\u0435\u043c\u044f \u0434\u043b\u044f \u0447\u0442\u0435\u043d\u0438\u044f":"1 \u043c\u0438\u043d\u0443\u0442\u0430"},"schema":{"@context":"https:\/\/schema.org","@graph":[{"@type":"WebPage","@id":"https:\/\/bodrumestetik.com\/","url":"https:\/\/bodrumestetik.com\/","name":"Anasayfa - Hakk\u0131m\u0131zda - Bodrum Estetik","isPartOf":{"@id":"https:\/\/bodrumestetik.com\/#website"},"datePublished":"2022-10-05T17:40:57+00:00","dateModified":"2023-03-23T06:31:28+00:00","breadcrumb":{"@id":"https:\/\/bodrumestetik.com\/#breadcrumb"},"inLanguage":"ru-RU","potentialAction":[{"@type":"ReadAction","target":["https:\/\/bodrumestetik.com\/"]}]},{"@type":"BreadcrumbList","@id":"https:\/\/bodrumestetik.com\/#breadcrumb","itemListElement":[{"@type":"ListItem","position":1,"name":"Anasayfa","item":"https:\/\/bodrumestetik.com\/"},{"@type":"ListItem","position":2,"name":"Anasayfa &#8211; Hakk\u0131m\u0131zda"}]},{"@type":"WebSite","@id":"https:\/\/bodrumestetik.com\/#website","url":"https:\/\/bodrumestetik.com\/","name":"Bodrum Estetik","description":"Harika G\u00f6r\u00fcn\u00fcn, Harika Hissedin","publisher":{"@id":"https:\/\/bodrumestetik.com\/#organization"},"potentialAction":[{"@type":"SearchAction","target":{"@type":"EntryPoint","urlTemplate":"https:\/\/bodrumestetik.com\/?s={search_term_string}"},"query-input":"required name=search_term_string"}],"inLanguage":"ru-RU"},{"@type":"Organization","@id":"https:\/\/bodrumestetik.com\/#organization","name":"Bodrum Estetik","url":"https:\/\/bodrumestetik.com\/","logo":{"@type":"ImageObject","inLanguage":"ru-RU","@id":"https:\/\/bodrumestetik.com\/#\/schema\/logo\/image\/","url":"https:\/\/bodrumestetik.com\/wp-content\/uploads\/2022\/11\/cropped-logo-gul.png","contentUrl":"https:\/\/bodrumestetik.com\/wp-content\/uploads\/2022\/11\/cropped-logo-gul.png","width":1420,"height":482,"caption":"Bodrum Estetik"},"image":{"@id":"https:\/\/bodrumestetik.com\/#\/schema\/logo\/image\/"}}]}},"_links":{"self":[{"href":"https:\/\/bodrumestetik.com\/ru\/wp-json\/wp\/v2\/pages\/24","targetHints":{"allow":["GET"]}}],"collection":[{"href":"https:\/\/bodrumestetik.com\/ru\/wp-json\/wp\/v2\/pages"}],"about":[{"href":"https:\/\/bodrumestetik.com\/ru\/wp-json\/wp\/v2\/types\/page"}],"author":[{"embeddable":true,"href":"https:\/\/bodrumestetik.com\/ru\/wp-json\/wp\/v2\/users\/1"}],"replies":[{"embeddable":true,"href":"https:\/\/bodrumestetik.com\/ru\/wp-json\/wp\/v2\/comments?post=24"}],"version-history":[{"count":25,"href":"https:\/\/bodrumestetik.com\/ru\/wp-json\/wp\/v2\/pages\/24\/revisions"}],"predecessor-version":[{"id":856,"href":"https:\/\/bodrumestetik.com\/ru\/wp-json\/wp\/v2\/pages\/24\/revisions\/856"}],"wp:featuredmedia":[{"embeddable":true,"href":"https:\/\/bodrumestetik.com\/ru\/wp-json\/wp\/v2\/media\/797"}],"wp:attachment":[{"href":"https:\/\/bodrumestetik.com\/ru\/wp-json\/wp\/v2\/media?parent=24"}],"curies":[{"name":"wp","href":"https:\/\/api.w.org\/{rel}","templated":true}]}}